{"id":108,"date":"2024-10-29T15:17:22","date_gmt":"2024-10-29T15:17:22","guid":{"rendered":"https:\/\/asodana23.org\/?page_id=108"},"modified":"2024-10-29T16:07:05","modified_gmt":"2024-10-29T16:07:05","slug":"hazte-socio","status":"publish","type":"page","link":"https:\/\/asodana23.org\/?page_id=108","title":{"rendered":"Hazte socio"},"content":{"rendered":"\n<p>Soluciones\u00a0<strong>YA\u00a0<\/strong>para las inundaciones de Villaluenga de la Sagra.<\/p>\n\n\n\n<h2 class=\"wp-block-heading\">\u00bfQu\u00e9 pedimos?<\/h2>\n\n\n\n<p>Desde nuestra asociaci\u00f3n de afectados por la DANA en Villaluenga de la Sagra, levantamos la voz para exigir medidas efectivas y preventivas que protejan nuestras viviendas, negocios y comunidades de futuras inundaciones. Pedimos al gobierno y a las autoridades que atiendan nuestras peticiones.<\/p>\n\n\n\n<p>Para prevenir futuras inundaciones en Villaluenga de la Sagra tras la DANA de 2023, los expertos proponen varias medidas centradas en la restauraci\u00f3n y manejo adecuado de los cauces naturales y la planificaci\u00f3n urbana. Algunas de las soluciones clave incluyen:<\/p>\n\n\n\n<hr class=\"wp-block-separator has-alpha-channel-opacity\"\/>\n\n\n\n<ul class=\"wp-block-list\">\n<li><strong>Restauraci\u00f3n de Llanuras de Inundaci\u00f3n<\/strong>: Es crucial recuperar el espacio natural de los arroyos y r\u00edos, evitando la urbanizaci\u00f3n en sus llanuras de inundaci\u00f3n. Esta medida permitir\u00eda a los cursos de agua expandirse naturalmente durante lluvias intensas, disminuyendo la velocidad y el impacto del agua en zonas residenciales.<\/li>\n\n\n\n<li><strong>Reforestaci\u00f3n y Recuperaci\u00f3n de Humedales:<\/strong>\u00a0Aumentar la superficie forestal y restaurar humedales ayuda a absorber y reducir el caudal de agua durante lluvias fuertes, frenando as\u00ed la intensidad de las crecidas en \u00e1reas pobladas.<\/li>\n\n\n\n<li><strong>Redise\u00f1o de Infraestructura Urbana:<\/strong>\u00a0En Villaluenga y otros municipios, muchos arroyos est\u00e1n canalizados o incluso soterrados bajo calles, lo que aumenta la velocidad del agua y la posibilidad de inundaciones. Los expertos recomiendan revisar y redise\u00f1ar estas estructuras para permitir un flujo m\u00e1s controlado, o en algunos casos, restaurar su cauce abierto donde sea posible para mejorar la capacidad de drenaje.<\/li>\n\n\n\n<li><strong>Estudios de Ordenaci\u00f3n Territorial:\u00a0<\/strong>Es fundamental que los desarrollos urban\u00edsticos sigan un plan que contemple los mapas de zonas inundables y evite construir sobre \u00e1reas de alto riesgo. Esto implica tambi\u00e9n una mejor planificaci\u00f3n y actualizaci\u00f3n de los sistemas de drenaje para manejar eventos extremos.<\/li>\n<\/ul>\n\n\n\n<h2 class=\"wp-block-heading has-text-color has-link-color wp-elements-a0101218dfc4576fcf27a1a5464833bc\" style=\"color:#000000\"><strong>\u00bfTe has visto afectado por las inundaciones? S\u00daMATE Y EVITEMOS QUE SE REPITA<\/strong><\/h2>\n\n\n<div class=\"wpforms-container wpforms-container-full wpforms-block wpforms-block-b054302b-57b2-42b5-93c5-3a3053e9fab9 wpforms-render-modern\" id=\"wpforms-69\"><form id=\"wpforms-form-69\" class=\"wpforms-validate wpforms-form wpforms-ajax-form\" data-formid=\"69\" method=\"post\" enctype=\"multipart\/form-data\" action=\"\/index.php?rest_route=%2Fwp%2Fv2%2Fpages%2F108\" data-token=\"50d7e247ba28b1198a44dacbf053d1a9\" data-token-time=\"1777252948\"><noscript class=\"wpforms-error-noscript\">Por favor, activa JavaScript en tu navegador para completar este formulario.<\/noscript><div id=\"wpforms-error-noscript\" style=\"display: none;\">Por favor, activa JavaScript en tu navegador para completar este formulario.<\/div><div class=\"wpforms-field-container\">\t\t<div id=\"wpforms-69-field_4-container\"\n\t\t\tclass=\"wpforms-field wpforms-field-text\"\n\t\t\tdata-field-type=\"text\"\n\t\t\tdata-field-id=\"4\"\n\t\t\t>\n\t\t\t<label class=\"wpforms-field-label\" for=\"wpforms-69-field_4\" >Nombre mensaje Correo<\/label>\n\t\t\t<input type=\"text\" id=\"wpforms-69-field_4\" class=\"wpforms-field-medium\" name=\"wpforms[fields][4]\" >\n\t\t<\/div>\n\t\t<div id=\"wpforms-69-field_1-container\" class=\"wpforms-field wpforms-field-name\" data-field-id=\"1\"><fieldset><legend class=\"wpforms-field-label\">Nombre <span class=\"wpforms-required-label\" aria-hidden=\"true\">*<\/span><\/legend><div class=\"wpforms-field-row wpforms-field-medium\"><div class=\"wpforms-field-row-block wpforms-first wpforms-one-half\"><input type=\"text\" id=\"wpforms-69-field_1\" class=\"wpforms-field-name-first wpforms-field-required\" name=\"wpforms[fields][1][first]\" aria-errormessage=\"wpforms-69-field_1-error\" required><label for=\"wpforms-69-field_1\" class=\"wpforms-field-sublabel after\">Nombre<\/label><\/div><div class=\"wpforms-field-row-block wpforms-one-half\"><input type=\"text\" id=\"wpforms-69-field_1-last\" class=\"wpforms-field-name-last wpforms-field-required\" name=\"wpforms[fields][1][last]\" aria-errormessage=\"wpforms-69-field_1-last-error\" required><label for=\"wpforms-69-field_1-last\" class=\"wpforms-field-sublabel after\">Apellidos<\/label><\/div><\/div><\/fieldset><\/div><div id=\"wpforms-69-field_2-container\" class=\"wpforms-field wpforms-field-email\" data-field-id=\"2\"><label class=\"wpforms-field-label\" for=\"wpforms-69-field_2\">Correo electr\u00f3nico <span class=\"wpforms-required-label\" aria-hidden=\"true\">*<\/span><\/label><input type=\"email\" id=\"wpforms-69-field_2\" class=\"wpforms-field-medium wpforms-field-required\" name=\"wpforms[fields][2]\" spellcheck=\"false\" aria-errormessage=\"wpforms-69-field_2-error\" required><\/div><div id=\"wpforms-69-field_3-container\" class=\"wpforms-field wpforms-field-textarea\" data-field-id=\"3\"><label class=\"wpforms-field-label\" for=\"wpforms-69-field_3\">Comentario o mensaje<\/label><textarea id=\"wpforms-69-field_3\" class=\"wpforms-field-medium\" name=\"wpforms[fields][3]\" aria-errormessage=\"wpforms-69-field_3-error\" ><\/textarea><\/div><script>\n\t\t\t\t( function() {\n\t\t\t\t\tconst style = document.createElement( 'style' );\n\t\t\t\t\tstyle.appendChild( document.createTextNode( '#wpforms-69-field_4-container { position: absolute !important; overflow: hidden !important; display: inline !important; height: 1px !important; width: 1px !important; z-index: -1000 !important; padding: 0 !important; } #wpforms-69-field_4-container input { visibility: hidden; } #wpforms-conversational-form-page #wpforms-69-field_4-container label { counter-increment: none; }' ) );\n\t\t\t\t\tdocument.head.appendChild( style );\n\t\t\t\t\tdocument.currentScript?.remove();\n\t\t\t\t} )();\n\t\t\t<\/script><\/div><!-- .wpforms-field-container --><div class=\"wpforms-submit-container\" ><input type=\"hidden\" name=\"wpforms[id]\" value=\"69\"><input type=\"hidden\" name=\"page_title\" value=\"\"><input type=\"hidden\" name=\"page_url\" value=\"https:\/\/asodana23.org\/index.php?rest_route=\/wp\/v2\/pages\/108\"><input type=\"hidden\" name=\"url_referer\" value=\"\"><button type=\"submit\" name=\"wpforms[submit]\" id=\"wpforms-submit-69\" class=\"wpforms-submit\" data-alt-text=\"Enviando...\" data-submit-text=\"Enviar\" aria-live=\"assertive\" value=\"wpforms-submit\">Enviar<\/button><img loading=\"lazy\" decoding=\"async\" src=\"https:\/\/asodana23.org\/wp-content\/plugins\/wpforms-lite\/assets\/images\/submit-spin.svg\" class=\"wpforms-submit-spinner\" style=\"display: none;\" width=\"26\" height=\"26\" alt=\"Cargando\"><\/div><\/form><\/div>  <!-- .wpforms-container -->\n\n\n<blockquote class=\"wp-block-quote is-layout-flow wp-block-quote-is-layout-flow\">\n<p>No pedimos lo imposible; exigimos vivir seguros y protegidos ante un clima que cambia y ante el que necesitamos respuestas urgentes y sostenibles.<\/p>\n<\/blockquote>\n\n\n\n<p>1.&nbsp;<strong>Planificaci\u00f3n Urbana Responsable<\/strong>: Revisi\u00f3n y adecuaci\u00f3n de la infraestructura y urbanizaci\u00f3n en zonas de riesgo, respetando los cauces naturales y evitando la construcci\u00f3n en \u00e1reas inundables.<\/p>\n\n\n\n<p>2.&nbsp;<strong>Mejoras en Drenaje y Canalizaci\u00f3n<\/strong>: Instalaci\u00f3n de sistemas de drenaje adecuados y la restauraci\u00f3n de llanuras de inundaci\u00f3n y humedales para absorber el agua en eventos clim\u00e1ticos extremos.<\/p>\n\n\n\n<p>3.&nbsp;<strong>Ayudas y Compromisos Reales<\/strong>: Compensaciones econ\u00f3micas inmediatas para los afectados, junto con un compromiso a largo plazo de mejora en la gesti\u00f3n de riesgos clim\u00e1ticos.<\/p>\n\n\n\n<p>4.&nbsp;<strong>Plan de Respuesta y Emergencia Local<\/strong>: Protocolos de emergencia efectivos y accesibles que nos garanticen una r\u00e1pida respuesta en futuras crisis.<\/p>\n\n\n\n<div class=\"wp-block-buttons is-layout-flex wp-block-buttons-is-layout-flex\">\n<div class=\"wp-block-button\"><a class=\"wp-block-button__link wp-element-button\" href=\"https:\/\/asodana23.org\/?page_id=106\">NOVEDADES &#8211; NOTICIAS <\/a><\/div>\n<\/div>\n\n\n\n<p><\/p>\n","protected":false},"excerpt":{"rendered":"<p>Soluciones\u00a0YA\u00a0para las inundaciones de Villaluenga de la Sagra. \u00bfQu\u00e9 pedimos? Desde nuestra asociaci\u00f3n de afectados por la DANA en Villaluenga de la Sagra, levantamos la voz para exigir medidas efectivas y preventivas que protejan nuestras viviendas, negocios y comunidades de futuras inundaciones. Pedimos al gobierno y a las autoridades que atiendan nuestras peticiones. Para prevenir [&hellip;]<\/p>\n","protected":false},"author":1,"featured_media":0,"parent":0,"menu_order":0,"comment_status":"closed","ping_status":"closed","template":"templates\/blocks.php","meta":{"_seopress_robots_primary_cat":"","_seopress_titles_title":"","_seopress_titles_desc":"","_seopress_robots_index":"","_genesis_hide_title":false,"_genesis_hide_breadcrumbs":false,"_genesis_hide_singular_image":false,"_genesis_hide_footer_widgets":false,"_genesis_custom_body_class":"","_genesis_custom_post_class":"","_genesis_layout":"","footnotes":""},"class_list":{"0":"post-108","1":"page","2":"type-page","3":"status-publish","5":"entry"},"featured_image_src":null,"featured_image_src_square":null,"_links":{"self":[{"href":"https:\/\/asodana23.org\/index.php?rest_route=\/wp\/v2\/pages\/108","targetHints":{"allow":["GET"]}}],"collection":[{"href":"https:\/\/asodana23.org\/index.php?rest_route=\/wp\/v2\/pages"}],"about":[{"href":"https:\/\/asodana23.org\/index.php?rest_route=\/wp\/v2\/types\/page"}],"author":[{"embeddable":true,"href":"https:\/\/asodana23.org\/index.php?rest_route=\/wp\/v2\/users\/1"}],"replies":[{"embeddable":true,"href":"https:\/\/asodana23.org\/index.php?rest_route=%2Fwp%2Fv2%2Fcomments&post=108"}],"version-history":[{"count":4,"href":"https:\/\/asodana23.org\/index.php?rest_route=\/wp\/v2\/pages\/108\/revisions"}],"predecessor-version":[{"id":147,"href":"https:\/\/asodana23.org\/index.php?rest_route=\/wp\/v2\/pages\/108\/revisions\/147"}],"wp:attachment":[{"href":"https:\/\/asodana23.org\/index.php?rest_route=%2Fwp%2Fv2%2Fmedia&parent=108"}],"curies":[{"name":"wp","href":"https:\/\/api.w.org\/{rel}","templated":true}]}}